{"id":99,"date":"2024-08-25T19:13:56","date_gmt":"2024-08-25T17:13:56","guid":{"rendered":"https:\/\/urban-trail-oyonnax.fr\/?page_id=99"},"modified":"2025-09-30T19:07:24","modified_gmt":"2025-09-30T17:07:24","slug":"informations-pratiques","status":"publish","type":"page","link":"https:\/\/urban-trail-oyonnax.fr\/index.php\/informations-pratiques\/","title":{"rendered":"Infos pratiques"},"content":{"rendered":"\t\t<div data-elementor-type=\"wp-page\" data-elementor-id=\"99\" class=\"elementor elementor-99\">\n\t\t\t\t<div class=\"elementor-element elementor-element-58dce70 e-flex e-con-boxed e-con e-parent\" data-id=\"58dce70\" data-element_type=\"container\" data-e-type=\"container\">\n\t\t\t\t\t<div class=\"e-con-inner\">\n\t\t\t\t<div class=\"elementor-element elementor-element-4762f13 elementor-widget elementor-widget-heading\" data-id=\"4762f13\" data-element_type=\"widget\" data-e-type=\"widget\" data-widget_type=\"heading.default\">\n\t\t\t\t<div class=\"elementor-widget-container\">\n\t\t\t\t\t<h2 class=\"elementor-heading-title elementor-size-default\">Informations pratiques : <\/h2>\t\t\t\t<\/div>\n\t\t\t\t<\/div>\n\t\t\t\t\t<\/div>\n\t\t\t\t<\/div>\n\t\t<div class=\"elementor-element elementor-element-b9ad3e6 e-flex e-con-boxed e-con e-parent\" data-id=\"b9ad3e6\" data-element_type=\"container\" data-e-type=\"container\">\n\t\t\t\t\t<div class=\"e-con-inner\">\n\t\t<div class=\"elementor-element elementor-element-22f0b25 e-grid e-con-full e-con e-child\" data-id=\"22f0b25\" data-element_type=\"container\" data-e-type=\"container\">\n\t\t\t\t<div class=\"elementor-element elementor-element-5bf0e42 elementor-widget elementor-widget-text-editor\" data-id=\"5bf0e42\" data-element_type=\"widget\" data-e-type=\"widget\" data-widget_type=\"text-editor.default\">\n\t\t\t\t<div class=\"elementor-widget-container\">\n\t\t\t\t\t\t\t\t\t<p><strong>Retraits de dossards\u00a0 :<\/strong><\/p><div>Le 18 octobre 2025 \u00e0 partir de 15h et jusqu\u2019\u00e0 30 minutes avant le d\u00e9part au Parc Ren\u00e9 Nicod \u00e0 Oyonnax.<br \/>Une pi\u00e8ce d\u2019identit\u00e9 sera requise pour retirer le dossard<\/div>\t\t\t\t\t\t\t\t<\/div>\n\t\t\t\t<\/div>\n\t\t\t\t<div class=\"elementor-element elementor-element-e44daa8 elementor-widget elementor-widget-text-editor\" data-id=\"e44daa8\" data-element_type=\"widget\" data-e-type=\"widget\" data-widget_type=\"text-editor.default\">\n\t\t\t\t<div class=\"elementor-widget-container\">\n\t\t\t\t\t\t\t\t\t<p><strong>D\u00e9part des \u00e9preuves :<\/strong><\/p><div>&#8211; Randonn\u00e9e : D\u00e9part \u00e0 16h30<br \/>&#8211; 18 km : D\u00e9part \u00e0 17h30<br \/>&#8211; 9 km : D\u00e9part \u00e0 18h00<br \/>Lieu de d\u00e9part et d\u2019arriv\u00e9e : au parc Ren\u00e9 Nicod.<br \/>Les coureurs doivent se pr\u00e9senter sur la ligne de d\u00e9part au moins 15 minutes avant le d\u00e9part.<\/div>\t\t\t\t\t\t\t\t<\/div>\n\t\t\t\t<\/div>\n\t\t\t\t<div class=\"elementor-element elementor-element-07250f9 elementor-widget elementor-widget-text-editor\" data-id=\"07250f9\" data-element_type=\"widget\" data-e-type=\"widget\" data-widget_type=\"text-editor.default\">\n\t\t\t\t<div class=\"elementor-widget-container\">\n\t\t\t\t\t\t\t\t\t<p><strong>Services :<\/strong><\/p><p>-Possibilit\u00e9 de laisser des sacs dans un espace surveill\u00e9<\/p><p>-Pas de vestiaire<\/p>\t\t\t\t\t\t\t\t<\/div>\n\t\t\t\t<\/div>\n\t\t\t\t<\/div>\n\t\t\t\t\t<\/div>\n\t\t\t\t<\/div>\n\t\t\t\t<\/div>\n\t\t","protected":false},"excerpt":{"rendered":"<p>Informations pratiques : Retraits de dossards\u00a0 : Le 18 octobre 2025 \u00e0 partir de 15h et jusqu\u2019\u00e0 30 minutes avant le d\u00e9part au Parc Ren\u00e9 Nicod \u00e0 Oyonnax.Une pi\u00e8ce d\u2019identit\u00e9 sera requise pour retirer le dossard D\u00e9part des \u00e9preuves : &#8211; Randonn\u00e9e : D\u00e9part \u00e0 16h30&#8211; 18 km : D\u00e9part \u00e0 17h30&#8211; 9 km :&hellip;&nbsp;<a href=\"https:\/\/urban-trail-oyonnax.fr\/index.php\/informations-pratiques\/\" rel=\"bookmark\">Lire la suite &raquo;<span class=\"screen-reader-text\">Infos pratiques<\/span><\/a><\/p>\n","protected":false},"author":1,"featured_media":0,"parent":0,"menu_order":0,"comment_status":"closed","ping_status":"closed","template":"page-templates\/template-pagebuilder-full-width.php","meta":{"neve_meta_sidebar":"","neve_meta_container":"","neve_meta_enable_content_width":"","neve_meta_content_width":0,"neve_meta_title_alignment":"","neve_meta_author_avatar":"","neve_post_elements_order":"","neve_meta_disable_header":"","neve_meta_disable_footer":"","neve_meta_disable_title":"","footnotes":""},"class_list":["post-99","page","type-page","status-publish","hentry"],"yoast_head":"<!-- This site is optimized with the Yoast SEO plugin v27.4 - https:\/\/yoast.com\/product\/yoast-seo-wordpress\/ -->\n<title>Infos pratiques - Urban Trail Oyonnax<\/title>\n<meta name=\"robots\" content=\"index, follow, max-snippet:-1, max-image-preview:large, max-video-preview:-1\" \/>\n<link rel=\"canonical\" href=\"https:\/\/urban-trail-oyonnax.fr\/index.php\/informations-pratiques\/\" \/>\n<meta property=\"og:locale\" content=\"fr_FR\" \/>\n<meta property=\"og:type\" content=\"article\" \/>\n<meta property=\"og:title\" content=\"Infos pratiques - Urban Trail Oyonnax\" \/>\n<meta property=\"og:description\" content=\"Informations pratiques : Retraits de dossards\u00a0 : Le 18 octobre 2025 \u00e0 partir de 15h et jusqu\u2019\u00e0 30 minutes avant le d\u00e9part au Parc Ren\u00e9 Nicod \u00e0 Oyonnax.Une pi\u00e8ce d\u2019identit\u00e9 sera requise pour retirer le dossard D\u00e9part des \u00e9preuves : &#8211; Randonn\u00e9e : D\u00e9part \u00e0 16h30&#8211; 18 km : D\u00e9part \u00e0 17h30&#8211; 9 km :&hellip;&nbsp;Lire la suite &raquo;Infos pratiques\" \/>\n<meta property=\"og:url\" content=\"https:\/\/urban-trail-oyonnax.fr\/index.php\/informations-pratiques\/\" \/>\n<meta property=\"og:site_name\" content=\"Urban Trail Oyonnax\" \/>\n<meta property=\"article:publisher\" content=\"https:\/\/www.facebook.com\/p\/Urban-Trail-Oyonnax-61556388261086\/?_rdr\" \/>\n<meta property=\"article:modified_time\" content=\"2025-09-30T17:07:24+00:00\" \/>\n<meta name=\"twitter:card\" content=\"summary_large_image\" \/>\n<meta name=\"twitter:label1\" content=\"Dur\u00e9e de lecture estim\u00e9e\" \/>\n\t<meta name=\"twitter:data1\" content=\"1 minute\" \/>\n<script type=\"application\/ld+json\" class=\"yoast-schema-graph\">{\"@context\":\"https:\\\/\\\/schema.org\",\"@graph\":[{\"@type\":\"WebPage\",\"@id\":\"https:\\\/\\\/urban-trail-oyonnax.fr\\\/index.php\\\/informations-pratiques\\\/\",\"url\":\"https:\\\/\\\/urban-trail-oyonnax.fr\\\/index.php\\\/informations-pratiques\\\/\",\"name\":\"Infos pratiques - Urban Trail Oyonnax\",\"isPartOf\":{\"@id\":\"https:\\\/\\\/urban-trail-oyonnax.fr\\\/#website\"},\"datePublished\":\"2024-08-25T17:13:56+00:00\",\"dateModified\":\"2025-09-30T17:07:24+00:00\",\"breadcrumb\":{\"@id\":\"https:\\\/\\\/urban-trail-oyonnax.fr\\\/index.php\\\/informations-pratiques\\\/#breadcrumb\"},\"inLanguage\":\"fr-FR\",\"potentialAction\":[{\"@type\":\"ReadAction\",\"target\":[\"https:\\\/\\\/urban-trail-oyonnax.fr\\\/index.php\\\/informations-pratiques\\\/\"]}]},{\"@type\":\"BreadcrumbList\",\"@id\":\"https:\\\/\\\/urban-trail-oyonnax.fr\\\/index.php\\\/informations-pratiques\\\/#breadcrumb\",\"itemListElement\":[{\"@type\":\"ListItem\",\"position\":1,\"name\":\"Accueil\",\"item\":\"https:\\\/\\\/urban-trail-oyonnax.fr\\\/\"},{\"@type\":\"ListItem\",\"position\":2,\"name\":\"Infos pratiques\"}]},{\"@type\":\"WebSite\",\"@id\":\"https:\\\/\\\/urban-trail-oyonnax.fr\\\/#website\",\"url\":\"https:\\\/\\\/urban-trail-oyonnax.fr\\\/\",\"name\":\"Urban Trail Oyonnax\",\"description\":\"Samedi 18 Octobre 2025 \\\/ 2\u00e8me \u00e9dition\",\"publisher\":{\"@id\":\"https:\\\/\\\/urban-trail-oyonnax.fr\\\/#organization\"},\"potentialAction\":[{\"@type\":\"SearchAction\",\"target\":{\"@type\":\"EntryPoint\",\"urlTemplate\":\"https:\\\/\\\/urban-trail-oyonnax.fr\\\/?s={search_term_string}\"},\"query-input\":{\"@type\":\"PropertyValueSpecification\",\"valueRequired\":true,\"valueName\":\"search_term_string\"}}],\"inLanguage\":\"fr-FR\"},{\"@type\":\"Organization\",\"@id\":\"https:\\\/\\\/urban-trail-oyonnax.fr\\\/#organization\",\"name\":\"Urban Trail Oyonnax\",\"url\":\"https:\\\/\\\/urban-trail-oyonnax.fr\\\/\",\"logo\":{\"@type\":\"ImageObject\",\"inLanguage\":\"fr-FR\",\"@id\":\"https:\\\/\\\/urban-trail-oyonnax.fr\\\/#\\\/schema\\\/logo\\\/image\\\/\",\"url\":\"https:\\\/\\\/urban-trail-oyonnax.fr\\\/wp-content\\\/uploads\\\/2024\\\/04\\\/logo_USO-1.png\",\"contentUrl\":\"https:\\\/\\\/urban-trail-oyonnax.fr\\\/wp-content\\\/uploads\\\/2024\\\/04\\\/logo_USO-1.png\",\"width\":126,\"height\":142,\"caption\":\"Urban Trail Oyonnax\"},\"image\":{\"@id\":\"https:\\\/\\\/urban-trail-oyonnax.fr\\\/#\\\/schema\\\/logo\\\/image\\\/\"},\"sameAs\":[\"https:\\\/\\\/www.facebook.com\\\/p\\\/Urban-Trail-Oyonnax-61556388261086\\\/?_rdr\"]}]}<\/script>\n<!-- \/ Yoast SEO plugin. -->","yoast_head_json":{"title":"Infos pratiques - Urban Trail Oyonnax","robots":{"index":"index","follow":"follow","max-snippet":"max-snippet:-1","max-image-preview":"max-image-preview:large","max-video-preview":"max-video-preview:-1"},"canonical":"https:\/\/urban-trail-oyonnax.fr\/index.php\/informations-pratiques\/","og_locale":"fr_FR","og_type":"article","og_title":"Infos pratiques - Urban Trail Oyonnax","og_description":"Informations pratiques : Retraits de dossards\u00a0 : Le 18 octobre 2025 \u00e0 partir de 15h et jusqu\u2019\u00e0 30 minutes avant le d\u00e9part au Parc Ren\u00e9 Nicod \u00e0 Oyonnax.Une pi\u00e8ce d\u2019identit\u00e9 sera requise pour retirer le dossard D\u00e9part des \u00e9preuves : &#8211; Randonn\u00e9e : D\u00e9part \u00e0 16h30&#8211; 18 km : D\u00e9part \u00e0 17h30&#8211; 9 km :&hellip;&nbsp;Lire la suite &raquo;Infos pratiques","og_url":"https:\/\/urban-trail-oyonnax.fr\/index.php\/informations-pratiques\/","og_site_name":"Urban Trail Oyonnax","article_publisher":"https:\/\/www.facebook.com\/p\/Urban-Trail-Oyonnax-61556388261086\/?_rdr","article_modified_time":"2025-09-30T17:07:24+00:00","twitter_card":"summary_large_image","twitter_misc":{"Dur\u00e9e de lecture estim\u00e9e":"1 minute"},"schema":{"@context":"https:\/\/schema.org","@graph":[{"@type":"WebPage","@id":"https:\/\/urban-trail-oyonnax.fr\/index.php\/informations-pratiques\/","url":"https:\/\/urban-trail-oyonnax.fr\/index.php\/informations-pratiques\/","name":"Infos pratiques - Urban Trail Oyonnax","isPartOf":{"@id":"https:\/\/urban-trail-oyonnax.fr\/#website"},"datePublished":"2024-08-25T17:13:56+00:00","dateModified":"2025-09-30T17:07:24+00:00","breadcrumb":{"@id":"https:\/\/urban-trail-oyonnax.fr\/index.php\/informations-pratiques\/#breadcrumb"},"inLanguage":"fr-FR","potentialAction":[{"@type":"ReadAction","target":["https:\/\/urban-trail-oyonnax.fr\/index.php\/informations-pratiques\/"]}]},{"@type":"BreadcrumbList","@id":"https:\/\/urban-trail-oyonnax.fr\/index.php\/informations-pratiques\/#breadcrumb","itemListElement":[{"@type":"ListItem","position":1,"name":"Accueil","item":"https:\/\/urban-trail-oyonnax.fr\/"},{"@type":"ListItem","position":2,"name":"Infos pratiques"}]},{"@type":"WebSite","@id":"https:\/\/urban-trail-oyonnax.fr\/#website","url":"https:\/\/urban-trail-oyonnax.fr\/","name":"Urban Trail Oyonnax","description":"Samedi 18 Octobre 2025 \/ 2\u00e8me \u00e9dition","publisher":{"@id":"https:\/\/urban-trail-oyonnax.fr\/#organization"},"potentialAction":[{"@type":"SearchAction","target":{"@type":"EntryPoint","urlTemplate":"https:\/\/urban-trail-oyonnax.fr\/?s={search_term_string}"},"query-input":{"@type":"PropertyValueSpecification","valueRequired":true,"valueName":"search_term_string"}}],"inLanguage":"fr-FR"},{"@type":"Organization","@id":"https:\/\/urban-trail-oyonnax.fr\/#organization","name":"Urban Trail Oyonnax","url":"https:\/\/urban-trail-oyonnax.fr\/","logo":{"@type":"ImageObject","inLanguage":"fr-FR","@id":"https:\/\/urban-trail-oyonnax.fr\/#\/schema\/logo\/image\/","url":"https:\/\/urban-trail-oyonnax.fr\/wp-content\/uploads\/2024\/04\/logo_USO-1.png","contentUrl":"https:\/\/urban-trail-oyonnax.fr\/wp-content\/uploads\/2024\/04\/logo_USO-1.png","width":126,"height":142,"caption":"Urban Trail Oyonnax"},"image":{"@id":"https:\/\/urban-trail-oyonnax.fr\/#\/schema\/logo\/image\/"},"sameAs":["https:\/\/www.facebook.com\/p\/Urban-Trail-Oyonnax-61556388261086\/?_rdr"]}]}},"_links":{"self":[{"href":"https:\/\/urban-trail-oyonnax.fr\/index.php\/wp-json\/wp\/v2\/pages\/99","targetHints":{"allow":["GET"]}}],"collection":[{"href":"https:\/\/urban-trail-oyonnax.fr\/index.php\/wp-json\/wp\/v2\/pages"}],"about":[{"href":"https:\/\/urban-trail-oyonnax.fr\/index.php\/wp-json\/wp\/v2\/types\/page"}],"author":[{"embeddable":true,"href":"https:\/\/urban-trail-oyonnax.fr\/index.php\/wp-json\/wp\/v2\/users\/1"}],"replies":[{"embeddable":true,"href":"https:\/\/urban-trail-oyonnax.fr\/index.php\/wp-json\/wp\/v2\/comments?post=99"}],"version-history":[{"count":0,"href":"https:\/\/urban-trail-oyonnax.fr\/index.php\/wp-json\/wp\/v2\/pages\/99\/revisions"}],"wp:attachment":[{"href":"https:\/\/urban-trail-oyonnax.fr\/index.php\/wp-json\/wp\/v2\/media?parent=99"}],"curies":[{"name":"wp","href":"https:\/\/api.w.org\/{rel}","templated":true}]}}